{"id":2076,"date":"2018-06-12T12:59:49","date_gmt":"2018-06-12T10:59:49","guid":{"rendered":"https:\/\/www.miapetra.es\/fichas-tecnicas\/"},"modified":"2025-06-14T09:50:46","modified_gmt":"2025-06-14T07:50:46","slug":"technical-specifications","status":"publish","type":"page","link":"https:\/\/www.miapetra.es\/en\/technical-specifications\/","title":{"rendered":"Technical Specifications"},"content":{"rendered":"\t\t<div data-elementor-type=\"wp-page\" data-elementor-id=\"2076\" class=\"elementor elementor-2076 elementor-1896\" data-elementor-post-type=\"page\">\n\t\t\t\t\t\t<section class=\"elementor-section elementor-top-section elementor-element elementor-element-fa4e78a elementor-section-boxed elementor-section-height-default elementor-section-height-default\" data-id=\"fa4e78a\" data-element_type=\"section\" data-e-type=\"section\">\n\t\t\t\t\t\t<div class=\"elementor-container elementor-column-gap-default\">\n\t\t\t\t\t<div class=\"elementor-column elementor-col-100 elementor-top-column elementor-element elementor-element-3cf5d5c\" data-id=\"3cf5d5c\" data-element_type=\"column\" data-e-type=\"column\">\n\t\t\t<div class=\"elementor-widget-wrap elementor-element-populated\">\n\t\t\t\t\t\t<div class=\"elementor-element elementor-element-d5f5691 elementor-widget elementor-widget-image\" data-id=\"d5f5691\" data-element_type=\"widget\" data-e-type=\"widget\" data-widget_type=\"image.default\">\n\t\t\t\t<div class=\"elementor-widget-container\">\n\t\t\t\t\t\t\t\t\t\t\t\t\t\t\t<img decoding=\"async\" width=\"535\" height=\"76\" src=\"https:\/\/www.miapetra.es\/wp-content\/uploads\/2018\/05\/logo_web_3.png\" class=\"attachment-full size-full wp-image-1743\" alt=\"\" srcset=\"https:\/\/www.miapetra.es\/wp-content\/uploads\/2018\/05\/logo_web_3.png 535w, https:\/\/www.miapetra.es\/wp-content\/uploads\/2018\/05\/logo_web_3-500x71.png 500w, https:\/\/www.miapetra.es\/wp-content\/uploads\/2018\/05\/logo_web_3-300x43.png 300w\" sizes=\"(max-width: 535px) 100vw, 535px\" \/>\t\t\t\t\t\t\t\t\t\t\t\t\t\t\t<\/div>\n\t\t\t\t<\/div>\n\t\t\t\t\t<\/div>\n\t\t<\/div>\n\t\t\t\t\t<\/div>\n\t\t<\/section>\n\t\t\t\t<section class=\"elementor-section elementor-top-section elementor-element elementor-element-069ca48 elementor-section-full_width elementor-section-height-default elementor-section-height-default\" data-id=\"069ca48\" data-element_type=\"section\" data-e-type=\"section\">\n\t\t\t\t\t\t<div class=\"elementor-container elementor-column-gap-default\">\n\t\t\t\t\t<div class=\"elementor-column elementor-col-33 elementor-top-column elementor-element elementor-element-eef9d57\" data-id=\"eef9d57\" data-element_type=\"column\" data-e-type=\"column\">\n\t\t\t<div class=\"elementor-widget-wrap elementor-element-populated\">\n\t\t\t\t\t\t<div class=\"elementor-element elementor-element-fa3707a elementor-widget elementor-widget-image\" data-id=\"fa3707a\" data-element_type=\"widget\" data-e-type=\"widget\" data-widget_type=\"image.default\">\n\t\t\t\t<div class=\"elementor-widget-container\">\n\t\t\t\t\t\t\t\t\t\t\t\t\t\t\t<img decoding=\"async\" src=\"https:\/\/www.miapetra.es\/wp-content\/uploads\/2017\/05\/estructura-3d.png\" title=\"estructura 3d\" alt=\"estructura 3d\" loading=\"lazy\" \/>\t\t\t\t\t\t\t\t\t\t\t\t\t\t\t<\/div>\n\t\t\t\t<\/div>\n\t\t\t\t\t<\/div>\n\t\t<\/div>\n\t\t\t\t<div class=\"elementor-column elementor-col-33 elementor-top-column elementor-element elementor-element-d796d8b\" data-id=\"d796d8b\" data-element_type=\"column\" data-e-type=\"column\">\n\t\t\t<div class=\"elementor-widget-wrap elementor-element-populated\">\n\t\t\t\t\t\t<div class=\"elementor-element elementor-element-076d21a elementor-widget elementor-widget-image\" data-id=\"076d21a\" data-element_type=\"widget\" data-e-type=\"widget\" data-widget_type=\"image.default\">\n\t\t\t\t<div class=\"elementor-widget-container\">\n\t\t\t\t\t\t\t\t\t\t\t\t\t\t\t<img fetchpriority=\"high\" decoding=\"async\" width=\"300\" height=\"300\" src=\"https:\/\/www.miapetra.es\/wp-content\/uploads\/2017\/07\/kubik-2.png\" class=\"attachment-medium size-medium wp-image-1175\" alt=\"\" srcset=\"https:\/\/www.miapetra.es\/wp-content\/uploads\/2017\/07\/kubik-2.png 800w, https:\/\/www.miapetra.es\/wp-content\/uploads\/2017\/07\/kubik-2-200x200.png 200w, https:\/\/www.miapetra.es\/wp-content\/uploads\/2017\/07\/kubik-2-500x500.png 500w, https:\/\/www.miapetra.es\/wp-content\/uploads\/2017\/07\/kubik-2-100x100.png 100w\" sizes=\"(max-width: 300px) 100vw, 300px\" \/>\t\t\t\t\t\t\t\t\t\t\t\t\t\t\t<\/div>\n\t\t\t\t<\/div>\n\t\t\t\t\t<\/div>\n\t\t<\/div>\n\t\t\t\t<div class=\"elementor-column elementor-col-33 elementor-top-column elementor-element elementor-element-227d9a6\" data-id=\"227d9a6\" data-element_type=\"column\" data-e-type=\"column\">\n\t\t\t<div class=\"elementor-widget-wrap elementor-element-populated\">\n\t\t\t\t\t\t<div class=\"elementor-element elementor-element-774f58c elementor-widget elementor-widget-image\" data-id=\"774f58c\" data-element_type=\"widget\" data-e-type=\"widget\" data-widget_type=\"image.default\">\n\t\t\t\t<div class=\"elementor-widget-container\">\n\t\t\t\t\t\t\t\t\t\t\t\t\t\t\t<img decoding=\"async\" width=\"768\" height=\"543\" src=\"https:\/\/www.miapetra.es\/wp-content\/uploads\/2017\/05\/Kanale-800.900-2.png\" class=\"attachment-medium_large size-medium_large wp-image-1131\" alt=\"\" srcset=\"https:\/\/www.miapetra.es\/wp-content\/uploads\/2017\/05\/Kanale-800.900-2.png 2339w, https:\/\/www.miapetra.es\/wp-content\/uploads\/2017\/05\/Kanale-800.900-2-500x354.png 500w\" sizes=\"(max-width: 768px) 100vw, 768px\" \/>\t\t\t\t\t\t\t\t\t\t\t\t\t\t\t<\/div>\n\t\t\t\t<\/div>\n\t\t\t\t\t<\/div>\n\t\t<\/div>\n\t\t\t\t\t<\/div>\n\t\t<\/section>\n\t\t\t\t<section class=\"elementor-section elementor-top-section elementor-element elementor-element-5dbc75f elementor-section-boxed elementor-section-height-default elementor-section-height-default\" data-id=\"5dbc75f\" data-element_type=\"section\" data-e-type=\"section\">\n\t\t\t\t\t\t<div class=\"elementor-container elementor-column-gap-default\">\n\t\t\t\t\t<div class=\"elementor-column elementor-col-100 elementor-top-column elementor-element elementor-element-c1c5d5e\" data-id=\"c1c5d5e\" data-element_type=\"column\" data-e-type=\"column\">\n\t\t\t<div class=\"elementor-widget-wrap elementor-element-populated\">\n\t\t\t\t\t\t<div class=\"elementor-element elementor-element-5082032 elementor-widget elementor-widget-heading\" data-id=\"5082032\" data-element_type=\"widget\" data-e-type=\"widget\" data-widget_type=\"heading.default\">\n\t\t\t\t<div class=\"elementor-widget-container\">\n\t\t\t\t\t<h2 class=\"elementor-heading-title elementor-size-xl\">TECHNICAL SPECIFICATIONS<\/h2>\t\t\t\t<\/div>\n\t\t\t\t<\/div>\n\t\t\t\t<div class=\"elementor-element elementor-element-d773f4a elementor-widget-divider--view-line elementor-widget elementor-widget-divider\" data-id=\"d773f4a\" data-element_type=\"widget\" data-e-type=\"widget\" data-widget_type=\"divider.default\">\n\t\t\t\t<div class=\"elementor-widget-container\">\n\t\t\t\t\t\t\t<div class=\"elementor-divider\">\n\t\t\t<span class=\"elementor-divider-separator\">\n\t\t\t\t\t\t<\/span>\n\t\t<\/div>\n\t\t\t\t\t\t<\/div>\n\t\t\t\t<\/div>\n\t\t\t\t\t<\/div>\n\t\t<\/div>\n\t\t\t\t\t<\/div>\n\t\t<\/section>\n\t\t\t\t<section class=\"elementor-section elementor-top-section elementor-element elementor-element-212e849 elementor-section-boxed elementor-section-height-default elementor-section-height-default\" data-id=\"212e849\" data-element_type=\"section\" data-e-type=\"section\">\n\t\t\t\t\t\t<div class=\"elementor-container elementor-column-gap-default\">\n\t\t\t\t\t<div class=\"elementor-column elementor-col-100 elementor-top-column elementor-element elementor-element-af22cd4\" data-id=\"af22cd4\" data-element_type=\"column\" data-e-type=\"column\">\n\t\t\t<div class=\"elementor-widget-wrap elementor-element-populated\">\n\t\t\t\t\t\t<div class=\"elementor-element elementor-element-09640cc elementor-widget elementor-widget-html\" data-id=\"09640cc\" data-element_type=\"widget\" data-e-type=\"widget\" data-widget_type=\"html.default\">\n\t\t\t\t<div class=\"elementor-widget-container\">\n\t\t\t\t\t<iframe data-skip-lazy=\"\" src=\"https:\/\/miapetra.ipzmarketing.com\/f\/ATh8VOnfIwQ\" frameborder=\"0\" scrolling=\"no\" width=\"100%\" class=\"ipz-iframe\"><\/iframe>\n<script data-cfasync=\"false\" type=\"text\/javascript\" src=\"https:\/\/assets.ipzmarketing.com\/assets\/signup_form\/iframe_v1.js\"><\/script>\n\n\t\t\t\t<\/div>\n\t\t\t\t<\/div>\n\t\t\t\t\t<\/div>\n\t\t<\/div>\n\t\t\t\t\t<\/div>\n\t\t<\/section>\n\t\t\t\t<\/div>\n\t\t","protected":false},"excerpt":{"rendered":"<p>TECHNICAL SPECIFICATIONS<\/p>\n","protected":false},"author":694,"featured_media":1743,"parent":0,"menu_order":0,"comment_status":"closed","ping_status":"closed","template":"","meta":{"_monsterinsights_skip_tracking":false,"_monsterinsights_sitenote_active":false,"_monsterinsights_sitenote_note":"","_monsterinsights_sitenote_category":0,"_uf_show_specific_survey":0,"_uf_disable_surveys":false,"ocean_post_layout":"","ocean_both_sidebars_style":"","ocean_both_sidebars_content_width":0,"ocean_both_sidebars_sidebars_width":0,"ocean_sidebar":"0","ocean_second_sidebar":"0","ocean_disable_margins":"enable","ocean_add_body_class":"","ocean_shortcode_before_top_bar":"","ocean_shortcode_after_top_bar":"","ocean_shortcode_before_header":"","ocean_shortcode_after_header":"","ocean_has_shortcode":"","ocean_shortcode_after_title":"","ocean_shortcode_before_footer_widgets":"","ocean_shortcode_after_footer_widgets":"","ocean_shortcode_before_footer_bottom":"","ocean_shortcode_after_footer_bottom":"","ocean_display_top_bar":"default","ocean_display_header":"default","ocean_header_style":"","ocean_center_header_left_menu":"0","ocean_custom_header_template":"0","ocean_custom_logo":0,"ocean_custom_retina_logo":0,"ocean_custom_logo_max_width":0,"ocean_custom_logo_tablet_max_width":0,"ocean_custom_logo_mobile_max_width":0,"ocean_custom_logo_max_height":0,"ocean_custom_logo_tablet_max_height":0,"ocean_custom_logo_mobile_max_height":0,"ocean_header_custom_menu":"0","ocean_menu_typo_font_family":"0","ocean_menu_typo_font_subset":"","ocean_menu_typo_font_size":0,"ocean_menu_typo_font_size_tablet":0,"ocean_menu_typo_font_size_mobile":0,"ocean_menu_typo_font_size_unit":"px","ocean_menu_typo_font_weight":"","ocean_menu_typo_font_weight_tablet":"","ocean_menu_typo_font_weight_mobile":"","ocean_menu_typo_transform":"","ocean_menu_typo_transform_tablet":"","ocean_menu_typo_transform_mobile":"","ocean_menu_typo_line_height":0,"ocean_menu_typo_line_height_tablet":0,"ocean_menu_typo_line_height_mobile":0,"ocean_menu_typo_line_height_unit":"","ocean_menu_typo_spacing":0,"ocean_menu_typo_spacing_tablet":0,"ocean_menu_typo_spacing_mobile":0,"ocean_menu_typo_spacing_unit":"","ocean_menu_link_color":"","ocean_menu_link_color_hover":"","ocean_menu_link_color_active":"","ocean_menu_link_background":"","ocean_menu_link_hover_background":"","ocean_menu_link_active_background":"","ocean_menu_social_links_bg":"","ocean_menu_social_hover_links_bg":"","ocean_menu_social_links_color":"","ocean_menu_social_hover_links_color":"","ocean_disable_title":"default","ocean_disable_heading":"default","ocean_post_title":"","ocean_post_subheading":"","ocean_post_title_style":"","ocean_post_title_background_color":"","ocean_post_title_background":0,"ocean_post_title_bg_image_position":"","ocean_post_title_bg_image_attachment":"","ocean_post_title_bg_image_repeat":"","ocean_post_title_bg_image_size":"","ocean_post_title_height":0,"ocean_post_title_bg_overlay":0.5,"ocean_post_title_bg_overlay_color":"","ocean_disable_breadcrumbs":"default","ocean_breadcrumbs_color":"","ocean_breadcrumbs_separator_color":"","ocean_breadcrumbs_links_color":"","ocean_breadcrumbs_links_hover_color":"","ocean_display_footer_widgets":"default","ocean_display_footer_bottom":"default","ocean_custom_footer_template":"","footnotes":""},"class_list":["post-2076","page","type-page","status-publish","has-post-thumbnail","hentry","entry","has-media"],"yoast_head":"<!-- This site is optimized with the Yoast SEO plugin v27.5 - https:\/\/yoast.com\/product\/yoast-seo-wordpress\/ -->\n<title>Fichas t\u00e9cnicas Lavabos y platos de ducha. MIAPETRA.<\/title>\n<meta name=\"description\" content=\"Fichas T\u00e9cnicas, Caracter\u00edsticas, Medidas. Lavabo Plano Piatta. Lavabo de piedra Kubik. Plato de ducha extra plano Kanale.\" \/>\n<meta name=\"robots\" content=\"index, follow, max-snippet:-1, max-image-preview:large, max-video-preview:-1\" \/>\n<link rel=\"canonical\" href=\"https:\/\/www.miapetra.es\/en\/technical-specifications\/\" \/>\n<meta property=\"og:locale\" content=\"en_US\" \/>\n<meta property=\"og:type\" content=\"article\" \/>\n<meta property=\"og:title\" content=\"Fichas t\u00e9cnicas Lavabos y platos de ducha. MIAPETRA.\" \/>\n<meta property=\"og:description\" content=\"Fichas T\u00e9cnicas, Caracter\u00edsticas, Medidas. Lavabo Plano Piatta. Lavabo de piedra Kubik. Plato de ducha extra plano Kanale.\" \/>\n<meta property=\"og:url\" content=\"https:\/\/www.miapetra.es\/en\/technical-specifications\/\" \/>\n<meta property=\"og:site_name\" content=\"Miapetra\" \/>\n<meta property=\"article:publisher\" content=\"https:\/\/www.facebook.com\/Miapetra.es\/\" \/>\n<meta property=\"article:modified_time\" content=\"2025-06-14T07:50:46+00:00\" \/>\n<meta property=\"og:image\" content=\"https:\/\/www.miapetra.es\/wp-content\/uploads\/2018\/05\/logo_web_3.png\" \/>\n\t<meta property=\"og:image:width\" content=\"535\" \/>\n\t<meta property=\"og:image:height\" content=\"76\" \/>\n\t<meta property=\"og:image:type\" content=\"image\/png\" \/>\n<meta name=\"twitter:card\" content=\"summary_large_image\" \/>\n<meta name=\"twitter:site\" content=\"@Miapetra_es\" \/>\n<script type=\"application\/ld+json\" class=\"yoast-schema-graph\">{\"@context\":\"https:\\\/\\\/schema.org\",\"@graph\":[{\"@type\":\"WebPage\",\"@id\":\"https:\\\/\\\/www.miapetra.es\\\/en\\\/technical-specifications\\\/\",\"url\":\"https:\\\/\\\/www.miapetra.es\\\/en\\\/technical-specifications\\\/\",\"name\":\"Fichas t\u00e9cnicas Lavabos y platos de ducha. MIAPETRA.\",\"isPartOf\":{\"@id\":\"https:\\\/\\\/www.miapetra.es\\\/#website\"},\"primaryImageOfPage\":{\"@id\":\"https:\\\/\\\/www.miapetra.es\\\/en\\\/technical-specifications\\\/#primaryimage\"},\"image\":{\"@id\":\"https:\\\/\\\/www.miapetra.es\\\/en\\\/technical-specifications\\\/#primaryimage\"},\"thumbnailUrl\":\"https:\\\/\\\/www.miapetra.es\\\/wp-content\\\/uploads\\\/2018\\\/05\\\/logo_web_3.png\",\"datePublished\":\"2018-06-12T10:59:49+00:00\",\"dateModified\":\"2025-06-14T07:50:46+00:00\",\"description\":\"Fichas T\u00e9cnicas, Caracter\u00edsticas, Medidas. Lavabo Plano Piatta. Lavabo de piedra Kubik. Plato de ducha extra plano Kanale.\",\"breadcrumb\":{\"@id\":\"https:\\\/\\\/www.miapetra.es\\\/en\\\/technical-specifications\\\/#breadcrumb\"},\"inLanguage\":\"en-US\",\"potentialAction\":[{\"@type\":\"ReadAction\",\"target\":[\"https:\\\/\\\/www.miapetra.es\\\/en\\\/technical-specifications\\\/\"]}]},{\"@type\":\"ImageObject\",\"inLanguage\":\"en-US\",\"@id\":\"https:\\\/\\\/www.miapetra.es\\\/en\\\/technical-specifications\\\/#primaryimage\",\"url\":\"https:\\\/\\\/www.miapetra.es\\\/wp-content\\\/uploads\\\/2018\\\/05\\\/logo_web_3.png\",\"contentUrl\":\"https:\\\/\\\/www.miapetra.es\\\/wp-content\\\/uploads\\\/2018\\\/05\\\/logo_web_3.png\",\"width\":535,\"height\":76},{\"@type\":\"BreadcrumbList\",\"@id\":\"https:\\\/\\\/www.miapetra.es\\\/en\\\/technical-specifications\\\/#breadcrumb\",\"itemListElement\":[{\"@type\":\"ListItem\",\"position\":1,\"name\":\"Portada\",\"item\":\"https:\\\/\\\/www.miapetra.es\\\/en\\\/\"},{\"@type\":\"ListItem\",\"position\":2,\"name\":\"Technical Specifications\"}]},{\"@type\":\"WebSite\",\"@id\":\"https:\\\/\\\/www.miapetra.es\\\/#website\",\"url\":\"https:\\\/\\\/www.miapetra.es\\\/\",\"name\":\"Miapetra\",\"description\":\"Lavabos de dise\u00f1o. Lavabos de piedra. Platos de ducha de piedra natural\",\"publisher\":{\"@id\":\"https:\\\/\\\/www.miapetra.es\\\/#organization\"},\"potentialAction\":[{\"@type\":\"SearchAction\",\"target\":{\"@type\":\"EntryPoint\",\"urlTemplate\":\"https:\\\/\\\/www.miapetra.es\\\/?s={search_term_string}\"},\"query-input\":{\"@type\":\"PropertyValueSpecification\",\"valueRequired\":true,\"valueName\":\"search_term_string\"}}],\"inLanguage\":\"en-US\"},{\"@type\":\"Organization\",\"@id\":\"https:\\\/\\\/www.miapetra.es\\\/#organization\",\"name\":\"Miapetra\",\"url\":\"https:\\\/\\\/www.miapetra.es\\\/\",\"logo\":{\"@type\":\"ImageObject\",\"inLanguage\":\"en-US\",\"@id\":\"https:\\\/\\\/www.miapetra.es\\\/#\\\/schema\\\/logo\\\/image\\\/\",\"url\":\"https:\\\/\\\/www.miapetra.es\\\/wp-content\\\/uploads\\\/2024\\\/07\\\/cropped-logo_web-re.png\",\"contentUrl\":\"https:\\\/\\\/www.miapetra.es\\\/wp-content\\\/uploads\\\/2024\\\/07\\\/cropped-logo_web-re.png\",\"width\":535,\"height\":76,\"caption\":\"Miapetra\"},\"image\":{\"@id\":\"https:\\\/\\\/www.miapetra.es\\\/#\\\/schema\\\/logo\\\/image\\\/\"},\"sameAs\":[\"https:\\\/\\\/www.facebook.com\\\/Miapetra.es\\\/\",\"https:\\\/\\\/x.com\\\/Miapetra_es\",\"https:\\\/\\\/www.instagram.com\\\/miapetra_es\\\/\",\"https:\\\/\\\/www.linkedin.com\\\/company\\\/miapetra\\\/\",\"https:\\\/\\\/www.pinterest.es\\\/Miapetra_es\\\/\"]}]}<\/script>\n<!-- \/ Yoast SEO plugin. -->","yoast_head_json":{"title":"Fichas t\u00e9cnicas Lavabos y platos de ducha. MIAPETRA.","description":"Fichas T\u00e9cnicas, Caracter\u00edsticas, Medidas. Lavabo Plano Piatta. Lavabo de piedra Kubik. Plato de ducha extra plano Kanale.","robots":{"index":"index","follow":"follow","max-snippet":"max-snippet:-1","max-image-preview":"max-image-preview:large","max-video-preview":"max-video-preview:-1"},"canonical":"https:\/\/www.miapetra.es\/en\/technical-specifications\/","og_locale":"en_US","og_type":"article","og_title":"Fichas t\u00e9cnicas Lavabos y platos de ducha. MIAPETRA.","og_description":"Fichas T\u00e9cnicas, Caracter\u00edsticas, Medidas. Lavabo Plano Piatta. Lavabo de piedra Kubik. Plato de ducha extra plano Kanale.","og_url":"https:\/\/www.miapetra.es\/en\/technical-specifications\/","og_site_name":"Miapetra","article_publisher":"https:\/\/www.facebook.com\/Miapetra.es\/","article_modified_time":"2025-06-14T07:50:46+00:00","og_image":[{"width":535,"height":76,"url":"https:\/\/www.miapetra.es\/wp-content\/uploads\/2018\/05\/logo_web_3.png","type":"image\/png"}],"twitter_card":"summary_large_image","twitter_site":"@Miapetra_es","schema":{"@context":"https:\/\/schema.org","@graph":[{"@type":"WebPage","@id":"https:\/\/www.miapetra.es\/en\/technical-specifications\/","url":"https:\/\/www.miapetra.es\/en\/technical-specifications\/","name":"Fichas t\u00e9cnicas Lavabos y platos de ducha. MIAPETRA.","isPartOf":{"@id":"https:\/\/www.miapetra.es\/#website"},"primaryImageOfPage":{"@id":"https:\/\/www.miapetra.es\/en\/technical-specifications\/#primaryimage"},"image":{"@id":"https:\/\/www.miapetra.es\/en\/technical-specifications\/#primaryimage"},"thumbnailUrl":"https:\/\/www.miapetra.es\/wp-content\/uploads\/2018\/05\/logo_web_3.png","datePublished":"2018-06-12T10:59:49+00:00","dateModified":"2025-06-14T07:50:46+00:00","description":"Fichas T\u00e9cnicas, Caracter\u00edsticas, Medidas. Lavabo Plano Piatta. Lavabo de piedra Kubik. Plato de ducha extra plano Kanale.","breadcrumb":{"@id":"https:\/\/www.miapetra.es\/en\/technical-specifications\/#breadcrumb"},"inLanguage":"en-US","potentialAction":[{"@type":"ReadAction","target":["https:\/\/www.miapetra.es\/en\/technical-specifications\/"]}]},{"@type":"ImageObject","inLanguage":"en-US","@id":"https:\/\/www.miapetra.es\/en\/technical-specifications\/#primaryimage","url":"https:\/\/www.miapetra.es\/wp-content\/uploads\/2018\/05\/logo_web_3.png","contentUrl":"https:\/\/www.miapetra.es\/wp-content\/uploads\/2018\/05\/logo_web_3.png","width":535,"height":76},{"@type":"BreadcrumbList","@id":"https:\/\/www.miapetra.es\/en\/technical-specifications\/#breadcrumb","itemListElement":[{"@type":"ListItem","position":1,"name":"Portada","item":"https:\/\/www.miapetra.es\/en\/"},{"@type":"ListItem","position":2,"name":"Technical Specifications"}]},{"@type":"WebSite","@id":"https:\/\/www.miapetra.es\/#website","url":"https:\/\/www.miapetra.es\/","name":"Miapetra","description":"Lavabos de dise\u00f1o. Lavabos de piedra. Platos de ducha de piedra natural","publisher":{"@id":"https:\/\/www.miapetra.es\/#organization"},"potentialAction":[{"@type":"SearchAction","target":{"@type":"EntryPoint","urlTemplate":"https:\/\/www.miapetra.es\/?s={search_term_string}"},"query-input":{"@type":"PropertyValueSpecification","valueRequired":true,"valueName":"search_term_string"}}],"inLanguage":"en-US"},{"@type":"Organization","@id":"https:\/\/www.miapetra.es\/#organization","name":"Miapetra","url":"https:\/\/www.miapetra.es\/","logo":{"@type":"ImageObject","inLanguage":"en-US","@id":"https:\/\/www.miapetra.es\/#\/schema\/logo\/image\/","url":"https:\/\/www.miapetra.es\/wp-content\/uploads\/2024\/07\/cropped-logo_web-re.png","contentUrl":"https:\/\/www.miapetra.es\/wp-content\/uploads\/2024\/07\/cropped-logo_web-re.png","width":535,"height":76,"caption":"Miapetra"},"image":{"@id":"https:\/\/www.miapetra.es\/#\/schema\/logo\/image\/"},"sameAs":["https:\/\/www.facebook.com\/Miapetra.es\/","https:\/\/x.com\/Miapetra_es","https:\/\/www.instagram.com\/miapetra_es\/","https:\/\/www.linkedin.com\/company\/miapetra\/","https:\/\/www.pinterest.es\/Miapetra_es\/"]}]}},"_links":{"self":[{"href":"https:\/\/www.miapetra.es\/en\/wp-json\/wp\/v2\/pages\/2076","targetHints":{"allow":["GET"]}}],"collection":[{"href":"https:\/\/www.miapetra.es\/en\/wp-json\/wp\/v2\/pages"}],"about":[{"href":"https:\/\/www.miapetra.es\/en\/wp-json\/wp\/v2\/types\/page"}],"author":[{"embeddable":true,"href":"https:\/\/www.miapetra.es\/en\/wp-json\/wp\/v2\/users\/694"}],"replies":[{"embeddable":true,"href":"https:\/\/www.miapetra.es\/en\/wp-json\/wp\/v2\/comments?post=2076"}],"version-history":[{"count":18,"href":"https:\/\/www.miapetra.es\/en\/wp-json\/wp\/v2\/pages\/2076\/revisions"}],"predecessor-version":[{"id":9654,"href":"https:\/\/www.miapetra.es\/en\/wp-json\/wp\/v2\/pages\/2076\/revisions\/9654"}],"wp:featuredmedia":[{"embeddable":true,"href":"https:\/\/www.miapetra.es\/en\/wp-json\/wp\/v2\/media\/1743"}],"wp:attachment":[{"href":"https:\/\/www.miapetra.es\/en\/wp-json\/wp\/v2\/media?parent=2076"}],"curies":[{"name":"wp","href":"https:\/\/api.w.org\/{rel}","templated":true}]}}